{"id":6944,"date":"2022-12-26T16:11:04","date_gmt":"2022-12-26T19:11:04","guid":{"rendered":"https:\/\/globalattitude.org.br\/relatorio-anual\/"},"modified":"2023-07-26T12:44:08","modified_gmt":"2023-07-26T15:44:08","slug":"reports-and-documents","status":"publish","type":"page","link":"http:\/\/globalattitude.org.br\/en\/reports-and-documents\/","title":{"rendered":"Reports and Documents"},"content":{"rendered":"<p>O nosso Relat\u00f3rio Anual \u00e9 a maneira mais objetiva de n\u00f3s compartilhamos com o p\u00fablico, as nossas idealiza\u00e7\u00f5es e realiza\u00e7\u00f5es, a fim de sermos o mais transl\u00facido poss\u00edvel.<\/p>\n<p>Esses relat\u00f3rios contemplam todos os nossos programas, na qual ser\u00e1 conceb\u00edvel visualizar os resultados e sucessos obtidos.<\/p>\n<p>Dessa forma, voc\u00ea pode ficar \u00e0 vontade para acessar esses documentos e acompanhar o que n\u00f3s fizemos durante cada ano em espec\u00edfico.<\/p>\n<p>&nbsp;<\/p>\n","protected":false},"excerpt":{"rendered":"<p>O nosso Relat\u00f3rio Anual \u00e9 a maneira mais objetiva de n\u00f3s compartilhamos com o p\u00fablico, as nossas idealiza\u00e7\u00f5es e realiza\u00e7\u00f5es, a fim de sermos o mais transl\u00facido poss\u00edvel. Esses relat\u00f3rios contemplam todos os nossos programas, na qual ser\u00e1 conceb\u00edvel visualizar os resultados e sucessos obtidos. Dessa forma, voc\u00ea pode ficar \u00e0 vontade para acessar esses [&hellip;]<\/p>\n","protected":false},"author":1,"featured_media":0,"parent":0,"menu_order":7,"comment_status":"closed","ping_status":"closed","template":"","meta":{"_acf_changed":false,"om_disable_all_campaigns":false,"_monsterinsights_skip_tracking":false,"_monsterinsights_sitenote_active":false,"_monsterinsights_sitenote_note":"","_monsterinsights_sitenote_category":0,"_uf_show_specific_survey":0,"_uf_disable_surveys":false,"footnotes":""},"class_list":["post-6944","page","type-page","status-publish","hentry"],"acf":[],"aioseo_notices":[],"yoast_head":"<!-- This site is optimized with the Yoast SEO plugin v27.5 - https:\/\/yoast.com\/product\/yoast-seo-wordpress\/ -->\n<title>Reports and Documents - Instituto Global Attitude<\/title>\n<meta name=\"description\" content=\"The IGA values its reports and documents as they are essential pillars for transparency, knowledge and decision-making.\" \/>\n<meta name=\"robots\" content=\"index, follow, max-snippet:-1, max-image-preview:large, max-video-preview:-1\" \/>\n<link rel=\"canonical\" href=\"http:\/\/globalattitude.org.br\/en\/reports-and-documents\/\" \/>\n<meta property=\"og:locale\" content=\"en_US\" \/>\n<meta property=\"og:type\" content=\"article\" \/>\n<meta property=\"og:title\" content=\"Reports and Documents - Instituto Global Attitude\" \/>\n<meta property=\"og:description\" content=\"The IGA values its reports and documents as they are essential pillars for transparency, knowledge and decision-making.\" \/>\n<meta property=\"og:url\" content=\"http:\/\/globalattitude.org.br\/en\/reports-and-documents\/\" \/>\n<meta property=\"og:site_name\" content=\"Instituto Global Attitude\" \/>\n<meta property=\"article:publisher\" content=\"https:\/\/www.facebook.com\/global.attitude.org\/\" \/>\n<meta property=\"article:modified_time\" content=\"2023-07-26T15:44:08+00:00\" \/>\n<meta name=\"twitter:card\" content=\"summary_large_image\" \/>\n<meta name=\"twitter:site\" content=\"@global_attitude\" \/>\n<meta name=\"twitter:label1\" content=\"Est. reading time\" \/>\n\t<meta name=\"twitter:data1\" content=\"1 minute\" \/>\n<script type=\"application\/ld+json\" class=\"yoast-schema-graph\">{\"@context\":\"https:\\\/\\\/schema.org\",\"@graph\":[{\"@type\":\"WebPage\",\"@id\":\"http:\\\/\\\/globalattitude.org.br\\\/en\\\/reports-and-documents\\\/\",\"url\":\"http:\\\/\\\/globalattitude.org.br\\\/en\\\/reports-and-documents\\\/\",\"name\":\"Reports and Documents - Instituto Global Attitude\",\"isPartOf\":{\"@id\":\"http:\\\/\\\/globalattitude.org.br\\\/#website\"},\"datePublished\":\"2022-12-26T19:11:04+00:00\",\"dateModified\":\"2023-07-26T15:44:08+00:00\",\"description\":\"The IGA values its reports and documents as they are essential pillars for transparency, knowledge and decision-making.\",\"breadcrumb\":{\"@id\":\"http:\\\/\\\/globalattitude.org.br\\\/en\\\/reports-and-documents\\\/#breadcrumb\"},\"inLanguage\":\"en-US\",\"potentialAction\":[{\"@type\":\"ReadAction\",\"target\":[\"http:\\\/\\\/globalattitude.org.br\\\/en\\\/reports-and-documents\\\/\"]}]},{\"@type\":\"BreadcrumbList\",\"@id\":\"http:\\\/\\\/globalattitude.org.br\\\/en\\\/reports-and-documents\\\/#breadcrumb\",\"itemListElement\":[{\"@type\":\"ListItem\",\"position\":1,\"name\":\"In\u00edcio\",\"item\":\"https:\\\/\\\/globalattitude.org.br\\\/en\\\/\"},{\"@type\":\"ListItem\",\"position\":2,\"name\":\"Reports and Documents\"}]},{\"@type\":\"WebSite\",\"@id\":\"http:\\\/\\\/globalattitude.org.br\\\/#website\",\"url\":\"http:\\\/\\\/globalattitude.org.br\\\/\",\"name\":\"Instituto Global Attitude\",\"description\":\"\",\"publisher\":{\"@id\":\"http:\\\/\\\/globalattitude.org.br\\\/#organization\"},\"potentialAction\":[{\"@type\":\"SearchAction\",\"target\":{\"@type\":\"EntryPoint\",\"urlTemplate\":\"http:\\\/\\\/globalattitude.org.br\\\/?s={search_term_string}\"},\"query-input\":{\"@type\":\"PropertyValueSpecification\",\"valueRequired\":true,\"valueName\":\"search_term_string\"}}],\"inLanguage\":\"en-US\"},{\"@type\":\"Organization\",\"@id\":\"http:\\\/\\\/globalattitude.org.br\\\/#organization\",\"name\":\"Instituto Global Attitude\",\"url\":\"http:\\\/\\\/globalattitude.org.br\\\/\",\"logo\":{\"@type\":\"ImageObject\",\"inLanguage\":\"en-US\",\"@id\":\"http:\\\/\\\/globalattitude.org.br\\\/#\\\/schema\\\/logo\\\/image\\\/\",\"url\":\"https:\\\/\\\/globalattitude.org.br\\\/wp-content\\\/uploads\\\/2023\\\/01\\\/instituto-global-attitude-color.png\",\"contentUrl\":\"https:\\\/\\\/globalattitude.org.br\\\/wp-content\\\/uploads\\\/2023\\\/01\\\/instituto-global-attitude-color.png\",\"width\":300,\"height\":131,\"caption\":\"Instituto Global Attitude\"},\"image\":{\"@id\":\"http:\\\/\\\/globalattitude.org.br\\\/#\\\/schema\\\/logo\\\/image\\\/\"},\"sameAs\":[\"https:\\\/\\\/www.facebook.com\\\/global.attitude.org\\\/\",\"https:\\\/\\\/x.com\\\/global_attitude\",\"https:\\\/\\\/www.instagram.com\\\/globalattitude\",\"https:\\\/\\\/www.linkedin.com\\\/company\\\/global-attitude\\\/?viewAsMember=true\"]}]}<\/script>\n<!-- \/ Yoast SEO plugin. -->","yoast_head_json":{"title":"Reports and Documents - Instituto Global Attitude","description":"The IGA values its reports and documents as they are essential pillars for transparency, knowledge and decision-making.","robots":{"index":"index","follow":"follow","max-snippet":"max-snippet:-1","max-image-preview":"max-image-preview:large","max-video-preview":"max-video-preview:-1"},"canonical":"http:\/\/globalattitude.org.br\/en\/reports-and-documents\/","og_locale":"en_US","og_type":"article","og_title":"Reports and Documents - Instituto Global Attitude","og_description":"The IGA values its reports and documents as they are essential pillars for transparency, knowledge and decision-making.","og_url":"http:\/\/globalattitude.org.br\/en\/reports-and-documents\/","og_site_name":"Instituto Global Attitude","article_publisher":"https:\/\/www.facebook.com\/global.attitude.org\/","article_modified_time":"2023-07-26T15:44:08+00:00","twitter_card":"summary_large_image","twitter_site":"@global_attitude","twitter_misc":{"Est. reading time":"1 minute"},"schema":{"@context":"https:\/\/schema.org","@graph":[{"@type":"WebPage","@id":"http:\/\/globalattitude.org.br\/en\/reports-and-documents\/","url":"http:\/\/globalattitude.org.br\/en\/reports-and-documents\/","name":"Reports and Documents - Instituto Global Attitude","isPartOf":{"@id":"http:\/\/globalattitude.org.br\/#website"},"datePublished":"2022-12-26T19:11:04+00:00","dateModified":"2023-07-26T15:44:08+00:00","description":"The IGA values its reports and documents as they are essential pillars for transparency, knowledge and decision-making.","breadcrumb":{"@id":"http:\/\/globalattitude.org.br\/en\/reports-and-documents\/#breadcrumb"},"inLanguage":"en-US","potentialAction":[{"@type":"ReadAction","target":["http:\/\/globalattitude.org.br\/en\/reports-and-documents\/"]}]},{"@type":"BreadcrumbList","@id":"http:\/\/globalattitude.org.br\/en\/reports-and-documents\/#breadcrumb","itemListElement":[{"@type":"ListItem","position":1,"name":"In\u00edcio","item":"https:\/\/globalattitude.org.br\/en\/"},{"@type":"ListItem","position":2,"name":"Reports and Documents"}]},{"@type":"WebSite","@id":"http:\/\/globalattitude.org.br\/#website","url":"http:\/\/globalattitude.org.br\/","name":"Instituto Global Attitude","description":"","publisher":{"@id":"http:\/\/globalattitude.org.br\/#organization"},"potentialAction":[{"@type":"SearchAction","target":{"@type":"EntryPoint","urlTemplate":"http:\/\/globalattitude.org.br\/?s={search_term_string}"},"query-input":{"@type":"PropertyValueSpecification","valueRequired":true,"valueName":"search_term_string"}}],"inLanguage":"en-US"},{"@type":"Organization","@id":"http:\/\/globalattitude.org.br\/#organization","name":"Instituto Global Attitude","url":"http:\/\/globalattitude.org.br\/","logo":{"@type":"ImageObject","inLanguage":"en-US","@id":"http:\/\/globalattitude.org.br\/#\/schema\/logo\/image\/","url":"https:\/\/globalattitude.org.br\/wp-content\/uploads\/2023\/01\/instituto-global-attitude-color.png","contentUrl":"https:\/\/globalattitude.org.br\/wp-content\/uploads\/2023\/01\/instituto-global-attitude-color.png","width":300,"height":131,"caption":"Instituto Global Attitude"},"image":{"@id":"http:\/\/globalattitude.org.br\/#\/schema\/logo\/image\/"},"sameAs":["https:\/\/www.facebook.com\/global.attitude.org\/","https:\/\/x.com\/global_attitude","https:\/\/www.instagram.com\/globalattitude","https:\/\/www.linkedin.com\/company\/global-attitude\/?viewAsMember=true"]}]}},"_links":{"self":[{"href":"http:\/\/globalattitude.org.br\/en\/wp-json\/wp\/v2\/pages\/6944","targetHints":{"allow":["GET"]}}],"collection":[{"href":"http:\/\/globalattitude.org.br\/en\/wp-json\/wp\/v2\/pages"}],"about":[{"href":"http:\/\/globalattitude.org.br\/en\/wp-json\/wp\/v2\/types\/page"}],"author":[{"embeddable":true,"href":"http:\/\/globalattitude.org.br\/en\/wp-json\/wp\/v2\/users\/1"}],"replies":[{"embeddable":true,"href":"http:\/\/globalattitude.org.br\/en\/wp-json\/wp\/v2\/comments?post=6944"}],"version-history":[{"count":3,"href":"http:\/\/globalattitude.org.br\/en\/wp-json\/wp\/v2\/pages\/6944\/revisions"}],"predecessor-version":[{"id":7157,"href":"http:\/\/globalattitude.org.br\/en\/wp-json\/wp\/v2\/pages\/6944\/revisions\/7157"}],"wp:attachment":[{"href":"http:\/\/globalattitude.org.br\/en\/wp-json\/wp\/v2\/media?parent=6944"}],"curies":[{"name":"wp","href":"https:\/\/api.w.org\/{rel}","templated":true}]}}