{"id":6922,"date":"2022-12-26T16:07:50","date_gmt":"2022-12-26T19:07:50","guid":{"rendered":"https:\/\/globalattitude.org.br\/agenda-2030\/"},"modified":"2023-08-25T14:10:32","modified_gmt":"2023-08-25T17:10:32","slug":"2030-agenda","status":"publish","type":"page","link":"https:\/\/globalattitude.org.br\/en\/2030-agenda\/","title":{"rendered":"2030 Agenda"},"content":{"rendered":"<p>A Agenda 2030 da ONU \u00e9 um plano de a\u00e7\u00e3o global para as pessoas, o planeta e a prosperidade, que busca fortalecer a paz universal at\u00e9 o ano de 2030, tendo como realiza\u00e7\u00e3o a busca por um mundo melhor para todos os povos e na\u00e7\u00f5es.<\/p>\n<p>Para isso, a Assembleia Geral das Na\u00e7\u00f5es Unidas, realizada em Nova York, em setembro de 2015, com a participa\u00e7\u00e3o de 193 estados membros, estabeleceu 17 objetivos de desenvolvimento sustent\u00e1veis, os ODS, e 169 metas, para erradicar a pobreza e promover vida digna para todos, dentro dos limites do planeta.<\/p>\n<p>Desse modo, o compromisso assumido pelos pa\u00edses com a agenda envolve a ado\u00e7\u00e3o de medidas ousadas, abrangentes e essenciais para promover o Estado de Direito, os direitos humanos e a responsividade das institui\u00e7\u00f5es pol\u00edticas.<\/p>\n<p>A Agenda 2030 sintetiza as aspira\u00e7\u00f5es e integra as dimens\u00f5es econ\u00f4mica, social e ambiental, ela \u00e9 universal, indivis\u00edvel e integrada. Seu lema central, \u201cNingu\u00e9m deixado para tr\u00e1s\u201d, baseia-se em cinco princ\u00edpios orientadores: Pessoas, Planeta, Prosperidade, Paz e Parcerias (5 Ps).<\/p>\n","protected":false},"excerpt":{"rendered":"<p>A Agenda 2030 da ONU \u00e9 um plano de a\u00e7\u00e3o global para as pessoas, o planeta e a prosperidade, que busca fortalecer a paz universal at\u00e9 o ano de 2030, tendo como realiza\u00e7\u00e3o a busca por um mundo melhor para todos os povos e na\u00e7\u00f5es. Para isso, a Assembleia Geral das Na\u00e7\u00f5es Unidas, realizada em [&hellip;]<\/p>\n","protected":false},"author":1,"featured_media":0,"parent":0,"menu_order":2,"comment_status":"closed","ping_status":"closed","template":"","meta":{"_acf_changed":false,"om_disable_all_campaigns":false,"_monsterinsights_skip_tracking":false,"_monsterinsights_sitenote_active":false,"_monsterinsights_sitenote_note":"","_monsterinsights_sitenote_category":0,"_uf_show_specific_survey":0,"_uf_disable_surveys":false,"footnotes":""},"class_list":["post-6922","page","type-page","status-publish","hentry"],"acf":[],"aioseo_notices":[],"yoast_head":"<!-- This site is optimized with the Yoast SEO plugin v27.5 - https:\/\/yoast.com\/product\/yoast-seo-wordpress\/ -->\n<title>2030 Agenda - Instituto Global Attitude<\/title>\n<meta name=\"description\" content=\"The 2030 Agenda seeks to transform the world through goals promoting equality, sustainable development and social justice.\" \/>\n<meta name=\"robots\" content=\"index, follow, max-snippet:-1, max-image-preview:large, max-video-preview:-1\" \/>\n<link rel=\"canonical\" href=\"https:\/\/globalattitude.org.br\/en\/2030-agenda\/\" \/>\n<meta property=\"og:locale\" content=\"en_US\" \/>\n<meta property=\"og:type\" content=\"article\" \/>\n<meta property=\"og:title\" content=\"2030 Agenda - Instituto Global Attitude\" \/>\n<meta property=\"og:description\" content=\"The 2030 Agenda seeks to transform the world through goals promoting equality, sustainable development and social justice.\" \/>\n<meta property=\"og:url\" content=\"https:\/\/globalattitude.org.br\/en\/2030-agenda\/\" \/>\n<meta property=\"og:site_name\" content=\"Instituto Global Attitude\" \/>\n<meta property=\"article:publisher\" content=\"https:\/\/www.facebook.com\/global.attitude.org\/\" \/>\n<meta property=\"article:modified_time\" content=\"2023-08-25T17:10:32+00:00\" \/>\n<meta name=\"twitter:card\" content=\"summary_large_image\" \/>\n<meta name=\"twitter:site\" content=\"@global_attitude\" \/>\n<meta name=\"twitter:label1\" content=\"Est. reading time\" \/>\n\t<meta name=\"twitter:data1\" content=\"1 minute\" \/>\n<script type=\"application\/ld+json\" class=\"yoast-schema-graph\">{\"@context\":\"https:\\\/\\\/schema.org\",\"@graph\":[{\"@type\":\"WebPage\",\"@id\":\"https:\\\/\\\/globalattitude.org.br\\\/en\\\/2030-agenda\\\/\",\"url\":\"https:\\\/\\\/globalattitude.org.br\\\/en\\\/2030-agenda\\\/\",\"name\":\"2030 Agenda - Instituto Global Attitude\",\"isPartOf\":{\"@id\":\"http:\\\/\\\/globalattitude.org.br\\\/#website\"},\"datePublished\":\"2022-12-26T19:07:50+00:00\",\"dateModified\":\"2023-08-25T17:10:32+00:00\",\"description\":\"The 2030 Agenda seeks to transform the world through goals promoting equality, sustainable development and social justice.\",\"breadcrumb\":{\"@id\":\"https:\\\/\\\/globalattitude.org.br\\\/en\\\/2030-agenda\\\/#breadcrumb\"},\"inLanguage\":\"en-US\",\"potentialAction\":[{\"@type\":\"ReadAction\",\"target\":[\"https:\\\/\\\/globalattitude.org.br\\\/en\\\/2030-agenda\\\/\"]}]},{\"@type\":\"BreadcrumbList\",\"@id\":\"https:\\\/\\\/globalattitude.org.br\\\/en\\\/2030-agenda\\\/#breadcrumb\",\"itemListElement\":[{\"@type\":\"ListItem\",\"position\":1,\"name\":\"In\u00edcio\",\"item\":\"https:\\\/\\\/globalattitude.org.br\\\/en\\\/\"},{\"@type\":\"ListItem\",\"position\":2,\"name\":\"2030 Agenda\"}]},{\"@type\":\"WebSite\",\"@id\":\"http:\\\/\\\/globalattitude.org.br\\\/#website\",\"url\":\"http:\\\/\\\/globalattitude.org.br\\\/\",\"name\":\"Instituto Global Attitude\",\"description\":\"\",\"publisher\":{\"@id\":\"http:\\\/\\\/globalattitude.org.br\\\/#organization\"},\"potentialAction\":[{\"@type\":\"SearchAction\",\"target\":{\"@type\":\"EntryPoint\",\"urlTemplate\":\"http:\\\/\\\/globalattitude.org.br\\\/?s={search_term_string}\"},\"query-input\":{\"@type\":\"PropertyValueSpecification\",\"valueRequired\":true,\"valueName\":\"search_term_string\"}}],\"inLanguage\":\"en-US\"},{\"@type\":\"Organization\",\"@id\":\"http:\\\/\\\/globalattitude.org.br\\\/#organization\",\"name\":\"Instituto Global Attitude\",\"url\":\"http:\\\/\\\/globalattitude.org.br\\\/\",\"logo\":{\"@type\":\"ImageObject\",\"inLanguage\":\"en-US\",\"@id\":\"http:\\\/\\\/globalattitude.org.br\\\/#\\\/schema\\\/logo\\\/image\\\/\",\"url\":\"https:\\\/\\\/globalattitude.org.br\\\/wp-content\\\/uploads\\\/2023\\\/01\\\/instituto-global-attitude-color.png\",\"contentUrl\":\"https:\\\/\\\/globalattitude.org.br\\\/wp-content\\\/uploads\\\/2023\\\/01\\\/instituto-global-attitude-color.png\",\"width\":300,\"height\":131,\"caption\":\"Instituto Global Attitude\"},\"image\":{\"@id\":\"http:\\\/\\\/globalattitude.org.br\\\/#\\\/schema\\\/logo\\\/image\\\/\"},\"sameAs\":[\"https:\\\/\\\/www.facebook.com\\\/global.attitude.org\\\/\",\"https:\\\/\\\/x.com\\\/global_attitude\",\"https:\\\/\\\/www.instagram.com\\\/globalattitude\",\"https:\\\/\\\/www.linkedin.com\\\/company\\\/global-attitude\\\/?viewAsMember=true\"]}]}<\/script>\n<!-- \/ Yoast SEO plugin. -->","yoast_head_json":{"title":"2030 Agenda - Instituto Global Attitude","description":"The 2030 Agenda seeks to transform the world through goals promoting equality, sustainable development and social justice.","robots":{"index":"index","follow":"follow","max-snippet":"max-snippet:-1","max-image-preview":"max-image-preview:large","max-video-preview":"max-video-preview:-1"},"canonical":"https:\/\/globalattitude.org.br\/en\/2030-agenda\/","og_locale":"en_US","og_type":"article","og_title":"2030 Agenda - Instituto Global Attitude","og_description":"The 2030 Agenda seeks to transform the world through goals promoting equality, sustainable development and social justice.","og_url":"https:\/\/globalattitude.org.br\/en\/2030-agenda\/","og_site_name":"Instituto Global Attitude","article_publisher":"https:\/\/www.facebook.com\/global.attitude.org\/","article_modified_time":"2023-08-25T17:10:32+00:00","twitter_card":"summary_large_image","twitter_site":"@global_attitude","twitter_misc":{"Est. reading time":"1 minute"},"schema":{"@context":"https:\/\/schema.org","@graph":[{"@type":"WebPage","@id":"https:\/\/globalattitude.org.br\/en\/2030-agenda\/","url":"https:\/\/globalattitude.org.br\/en\/2030-agenda\/","name":"2030 Agenda - Instituto Global Attitude","isPartOf":{"@id":"http:\/\/globalattitude.org.br\/#website"},"datePublished":"2022-12-26T19:07:50+00:00","dateModified":"2023-08-25T17:10:32+00:00","description":"The 2030 Agenda seeks to transform the world through goals promoting equality, sustainable development and social justice.","breadcrumb":{"@id":"https:\/\/globalattitude.org.br\/en\/2030-agenda\/#breadcrumb"},"inLanguage":"en-US","potentialAction":[{"@type":"ReadAction","target":["https:\/\/globalattitude.org.br\/en\/2030-agenda\/"]}]},{"@type":"BreadcrumbList","@id":"https:\/\/globalattitude.org.br\/en\/2030-agenda\/#breadcrumb","itemListElement":[{"@type":"ListItem","position":1,"name":"In\u00edcio","item":"https:\/\/globalattitude.org.br\/en\/"},{"@type":"ListItem","position":2,"name":"2030 Agenda"}]},{"@type":"WebSite","@id":"http:\/\/globalattitude.org.br\/#website","url":"http:\/\/globalattitude.org.br\/","name":"Instituto Global Attitude","description":"","publisher":{"@id":"http:\/\/globalattitude.org.br\/#organization"},"potentialAction":[{"@type":"SearchAction","target":{"@type":"EntryPoint","urlTemplate":"http:\/\/globalattitude.org.br\/?s={search_term_string}"},"query-input":{"@type":"PropertyValueSpecification","valueRequired":true,"valueName":"search_term_string"}}],"inLanguage":"en-US"},{"@type":"Organization","@id":"http:\/\/globalattitude.org.br\/#organization","name":"Instituto Global Attitude","url":"http:\/\/globalattitude.org.br\/","logo":{"@type":"ImageObject","inLanguage":"en-US","@id":"http:\/\/globalattitude.org.br\/#\/schema\/logo\/image\/","url":"https:\/\/globalattitude.org.br\/wp-content\/uploads\/2023\/01\/instituto-global-attitude-color.png","contentUrl":"https:\/\/globalattitude.org.br\/wp-content\/uploads\/2023\/01\/instituto-global-attitude-color.png","width":300,"height":131,"caption":"Instituto Global Attitude"},"image":{"@id":"http:\/\/globalattitude.org.br\/#\/schema\/logo\/image\/"},"sameAs":["https:\/\/www.facebook.com\/global.attitude.org\/","https:\/\/x.com\/global_attitude","https:\/\/www.instagram.com\/globalattitude","https:\/\/www.linkedin.com\/company\/global-attitude\/?viewAsMember=true"]}]}},"_links":{"self":[{"href":"https:\/\/globalattitude.org.br\/en\/wp-json\/wp\/v2\/pages\/6922","targetHints":{"allow":["GET"]}}],"collection":[{"href":"https:\/\/globalattitude.org.br\/en\/wp-json\/wp\/v2\/pages"}],"about":[{"href":"https:\/\/globalattitude.org.br\/en\/wp-json\/wp\/v2\/types\/page"}],"author":[{"embeddable":true,"href":"https:\/\/globalattitude.org.br\/en\/wp-json\/wp\/v2\/users\/1"}],"replies":[{"embeddable":true,"href":"https:\/\/globalattitude.org.br\/en\/wp-json\/wp\/v2\/comments?post=6922"}],"version-history":[{"count":3,"href":"https:\/\/globalattitude.org.br\/en\/wp-json\/wp\/v2\/pages\/6922\/revisions"}],"predecessor-version":[{"id":7171,"href":"https:\/\/globalattitude.org.br\/en\/wp-json\/wp\/v2\/pages\/6922\/revisions\/7171"}],"wp:attachment":[{"href":"https:\/\/globalattitude.org.br\/en\/wp-json\/wp\/v2\/media?parent=6922"}],"curies":[{"name":"wp","href":"https:\/\/api.w.org\/{rel}","templated":true}]}}